{"id":2239,"date":"2021-12-30T06:34:14","date_gmt":"2021-12-30T06:34:14","guid":{"rendered":"https:\/\/natura-tours.com\/privacy-policy-2\/"},"modified":"2024-10-13T08:02:26","modified_gmt":"2024-10-13T06:02:26","slug":"privacy-policy","status":"publish","type":"page","link":"https:\/\/natura-tours.com\/pl\/privacy-policy\/","title":{"rendered":"Polityka prywatno\u015bci"},"content":{"rendered":"<blockquote class=\"wp-block-quote is-layout-flow wp-block-quote-is-layout-flow\">\n<p><strong> Won tan nan na<\/strong><\/p>\n\n\n\n<p>Niniejsza Polityka prywatno\u015bci opisuje zasady Natura-Tours dotycz\u0105ce gromadzenia, wykorzystywania i ujawniania Twoich danych podczas korzystania z naszej witryny internetowej (https:\/\/natura-tours.com). (dalej \u201eUs\u0142uga\u201d). Uzyskuj\u0105c dost\u0119p do Us\u0142ugi lub korzystaj\u0105c z niej, wyra\u017casz zgod\u0119 na gromadzenie, wykorzystywanie i ujawnianie Twoich danych zgodnie z niniejsz\u0105 Polityk\u0105 prywatno\u015bci. Je\u015bli si\u0119 na to nie zgadzasz, nie uzyskuj dost\u0119pu do Us\u0142ugi ani z niej nie korzystaj.<br>Mo\u017cemy zmieni\u0107 t\u0119 Polityk\u0119 prywatno\u015bci w dowolnym momencie bez wcze\u015bniejszego powiadomienia i opublikujemy zmienion\u0105 Polityk\u0119 prywatno\u015bci w Serwisie. Zmieniona polityka b\u0119dzie obowi\u0105zywa\u0107 180 dni po opublikowaniu zmienionej polityki w Serwisie, a Tw\u00f3j dalszy dost\u0119p lub korzystanie z Us\u0142ugi po tym czasie oznacza Twoj\u0105 akceptacj\u0119 zmienionej Polityki prywatno\u015bci. Dlatego zalecamy regularne sprawdzanie tej strony.<\/p>\n\n\n\n<p><a href=\"https:\/\/natura-tours.com\/pl\/privacy-policy\/\">View Page<\/a><\/p>\n\n\n\n<h4 class=\"wp-block-heading\">Uwagi<\/h4>\n\n\n\n<p><strong class=\"privacy-policy-tutorial\"> <\/strong>Kiedy odwiedzaj\u0105cy zostawiaj\u0105 komentarze w witrynie, zbieramy dane widoczne w formularzu komentarzy, a tak\u017ce adres IP odwiedzaj\u0105cego i ci\u0105g agenta u\u017cytkownika przegl\u0105darki, aby pom\u00f3c w wykrywaniu spamu.<\/p>\n\n\n\n<p>Anonimizowany ci\u0105g utworzony z Twojego adresu e-mail (nazywany r\u00f3wnie\u017c hashem) mo\u017ce zosta\u0107 dostarczony do us\u0142ugi Gravatar, aby sprawdzi\u0107, czy jej u\u017cywasz. Polityka prywatno\u015bci us\u0142ugi Gravatar jest dost\u0119pna tutaj: https:\/\/automattic.com\/privacy\/. Po zatwierdzeniu Twojego komentarza Twoje zdj\u0119cie profilowe jest widoczne publicznie w kontek\u015bcie Twojego komentarza.<\/p>\n\n\n\n<h4 class=\"wp-block-heading\">Media<\/h4>\n\n\n\n<p><strong class=\"privacy-policy-tutorial\"> <\/strong>Je\u015bli przesy\u0142asz obrazy na stron\u0119 internetow\u0105, powiniene\u015b unika\u0107 przesy\u0142ania obraz\u00f3w z osadzonymi danymi lokalizacji (EXIF GPS). Odwiedzaj\u0105cy stron\u0119 internetow\u0105 mog\u0105 pobra\u0107 i wyodr\u0119bni\u0107 wszelkie dane lokalizacji z obraz\u00f3w na stronie internetowej.<\/p>\n\n\n\n<h4 class=\"wp-block-heading\">Cookies<\/h4>\n\n\n\n<p><strong class=\"privacy-policy-tutorial\"> <\/strong>Je\u015bli zostawisz komentarz na naszej stronie, mo\u017cesz wyrazi\u0107 zgod\u0119 na zapisanie swojego imienia, adresu e-mail i witryny w plikach cookie. S\u0105 one dla Twojej wygody, aby\u015b nie musia\u0142 ponownie wype\u0142nia\u0107 swoich danych, gdy zostawisz kolejny komentarz. Te pliki cookie b\u0119d\u0105 wa\u017cne przez rok.<\/p>\n\n\n\n<p>Je\u015bli odwiedzisz nasz\u0105 stron\u0119 logowania, ustawimy tymczasowy plik cookie, aby ustali\u0107, czy Twoja przegl\u0105darka akceptuje pliki cookie. Ten plik cookie nie zawiera \u017cadnych danych osobowych i jest usuwany po zamkni\u0119ciu przegl\u0105darki.<\/p>\n\n\n\n<p>Gdy si\u0119 zalogujesz, ustawimy r\u00f3wnie\u017c kilka plik\u00f3w cookie, aby zapisa\u0107 Twoje dane logowania i wybrane opcje wy\u015bwietlania ekranu. Pliki cookie logowania s\u0105 wa\u017cne przez dwa dni, a pliki cookie opcji ekranu s\u0105 wa\u017cne przez rok. Je\u015bli wybierzesz \u201eZapami\u0119taj mnie\u201d, Twoje logowanie b\u0119dzie trwa\u0142o dwa tygodnie. Je\u015bli wylogujesz si\u0119 ze swojego konta, pliki cookie logowania zostan\u0105 usuni\u0119te.<\/p>\n\n\n\n<p>Je\u015bli edytujesz lub publikujesz artyku\u0142, dodatkowy plik cookie zostanie zapisany w Twojej przegl\u0105darce. Ten plik cookie nie zawiera \u017cadnych danych osobowych i po prostu wskazuje identyfikator posta artyku\u0142u, kt\u00f3ry w\u0142a\u015bnie edytowa\u0142e\u015b. Wygasa po 1 dniu.<\/p>\n\n\n\n<h4 class=\"wp-block-heading\">Osadzone tre\u015bci z innych witryn internetowych<\/h4>\n\n\n\n<p>Artyku\u0142y na tej stronie internetowej mog\u0105 zawiera\u0107 osadzon\u0105 tre\u015b\u0107 (np. filmy, obrazy, artyku\u0142y itp.). Osadzona tre\u015b\u0107 z innych stron internetowych zachowuje si\u0119 dok\u0142adnie tak samo, jakby odwiedzaj\u0105cy odwiedzi\u0142 inn\u0105 stron\u0119 internetow\u0105.<\/p>\n\n\n\n<p>Te witryny mog\u0105 zbiera\u0107 dane o Tobie, u\u017cywa\u0107 plik\u00f3w cookie, osadza\u0107 dodatkowe \u015bledzenie stron trzecich i monitorowa\u0107 Twoj\u0105 interakcj\u0119 z osadzon\u0105 tre\u015bci\u0105, w tym \u015bledzi\u0107 Twoj\u0105 interakcj\u0119 z osadzon\u0105 tre\u015bci\u0105, je\u015bli masz konto i jeste\u015b zalogowany w tej witrynie.<\/p>\n\n\n\n<h4 class=\"wp-block-heading\">Z kim dzielimy si\u0119 Twoimi danymi<\/h4>\n\n\n\n<p>Je\u015bli poprosisz o zresetowanie has\u0142a, Tw\u00f3j adres IP zostanie uwzgl\u0119dniony w wiadomo\u015bci e-mail z resetem has\u0142a.<\/p>\n\n\n\n<h4 class=\"wp-block-heading\">Jak d\u0142ugo przechowujemy Twoje dane<\/h4>\n\n\n\n<p>Je\u015bli zostawisz komentarz, komentarz i jego metadane zostan\u0105 zachowane na czas nieokre\u015blony. Dzi\u0119ki temu mo\u017cemy automatycznie rozpoznawa\u0107 i zatwierdza\u0107 wszelkie komentarze uzupe\u0142niaj\u0105ce zamiast trzyma\u0107 je w kolejce moderacji.<\/p>\n\n\n\n<p>W przypadku u\u017cytkownik\u00f3w, kt\u00f3rzy rejestruj\u0105 si\u0119 na naszej stronie internetowej (je\u015bli tacy s\u0105), przechowujemy r\u00f3wnie\u017c dane osobowe, kt\u00f3re podaj\u0105 w swoim profilu u\u017cytkownika. Wszyscy u\u017cytkownicy mog\u0105 zobaczy\u0107, edytowa\u0107 lub usun\u0105\u0107 swoje dane osobowe w dowolnym momencie (z wyj\u0105tkiem tego, \u017ce nie mog\u0105 zmieni\u0107 swojej nazwy u\u017cytkownika). Administratorzy strony internetowej mog\u0105 r\u00f3wnie\u017c zobaczy\u0107 i edytowa\u0107 te informacje.<\/p>\n\n\n\n<h4 class=\"wp-block-heading\">Jakie prawa masz do swoich danych<\/h4>\n\n\n\n<p><strong class=\"privacy-policy-tutorial\"> <\/strong>Je\u015bli masz konto na tej stronie lub zostawi\u0142e\u015b komentarze, mo\u017cesz poprosi\u0107 o otrzymanie wyeksportowanego pliku danych osobowych, kt\u00f3re o Tobie posiadamy, w tym wszelkich danych, kt\u00f3re nam przekaza\u0142e\u015b. Mo\u017cesz r\u00f3wnie\u017c poprosi\u0107 o usuni\u0119cie wszelkich danych osobowych, kt\u00f3re o Tobie posiadamy. Nie obejmuje to \u017cadnych danych, kt\u00f3re jeste\u015bmy zobowi\u0105zani przechowywa\u0107 w celach administracyjnych, prawnych lub bezpiecze\u0144stwa.<\/p>\n\n\n\n<h4 class=\"wp-block-heading\">Gdzie s\u0105 wysy\u0142ane Twoje dane<\/h4>\n\n\n\n<p>Komentarze go\u015bci mog\u0105 by\u0107 sprawdzane za pomoc\u0105 automatycznej us\u0142ugi wykrywania spamu.<\/p>\n<\/blockquote>","protected":false},"excerpt":{"rendered":"<p>Who we are This Privacy Policy describes Natura-Tours&#8217; policies regarding the collection, use and disclosure of your information when you use our website (https:\/\/natura-tours.com ). (the \u201cService\u201d). By accessing or using the Service, you consent to the collection, use and [&hellip;]<\/p>\n","protected":false},"author":1,"featured_media":0,"parent":0,"menu_order":0,"comment_status":"closed","ping_status":"closed","template":"","meta":{"footnotes":""},"class_list":["post-2239","page","type-page","status-publish","hentry","travel-monster-post","no-post-thumbnail","latest_post"],"_hostinger_reach_plugin_has_subscription_block":false,"_hostinger_reach_plugin_is_elementor":false,"_links":{"self":[{"href":"https:\/\/natura-tours.com\/pl\/wp-json\/wp\/v2\/pages\/2239","targetHints":{"allow":["GET"]}}],"collection":[{"href":"https:\/\/natura-tours.com\/pl\/wp-json\/wp\/v2\/pages"}],"about":[{"href":"https:\/\/natura-tours.com\/pl\/wp-json\/wp\/v2\/types\/page"}],"author":[{"embeddable":true,"href":"https:\/\/natura-tours.com\/pl\/wp-json\/wp\/v2\/users\/1"}],"replies":[{"embeddable":true,"href":"https:\/\/natura-tours.com\/pl\/wp-json\/wp\/v2\/comments?post=2239"}],"version-history":[{"count":6,"href":"https:\/\/natura-tours.com\/pl\/wp-json\/wp\/v2\/pages\/2239\/revisions"}],"predecessor-version":[{"id":6930,"href":"https:\/\/natura-tours.com\/pl\/wp-json\/wp\/v2\/pages\/2239\/revisions\/6930"}],"wp:attachment":[{"href":"https:\/\/natura-tours.com\/pl\/wp-json\/wp\/v2\/media?parent=2239"}],"curies":[{"name":"wp","href":"https:\/\/api.w.org\/{rel}","templated":true}]}}